{"id":75,"date":"2018-04-05T21:43:10","date_gmt":"2018-04-05T21:43:10","guid":{"rendered":"https:\/\/villamanagement.es\/wordpress\/?page_id=75"},"modified":"2024-11-20T20:51:22","modified_gmt":"2024-11-20T20:51:22","slug":"contacto","status":"publish","type":"page","link":"https:\/\/villamanagement.es\/es\/contacto\/","title":{"rendered":"Contacto"},"content":{"rendered":"<p><strong>Para m\u00e1s informaci\u00f3n ll\u00e1menos<br \/>\no env\u00edenos un e-mail a:<\/strong><\/p>\n<p>E-Mail:\u00a0<a href=\"mailto:info@villamanagement.es\">info@villamanagement.es<\/a><br \/>\nTel\u00e9fono: + 34 +34 902 88 95 90<br \/>\n<strong><br \/>\nNUESTRA OFICINA<\/strong><br \/>\nC\/ Industria n\u00ba 5, local 3, 07013 Palma de Mallorca<\/p>\n","protected":false},"excerpt":{"rendered":"<p>Para m\u00e1s informaci\u00f3n ll\u00e1menos o env\u00edenos un e-mail a: E-Mail:\u00a0info@villamanagement.es Tel\u00e9fono: + 34 +34 902 88 95 90 NUESTRA OFICINA C\/ Industria n\u00ba 5, local 3, 07013 Palma de Mallorca<\/p>\n","protected":false},"author":1,"featured_media":0,"parent":0,"menu_order":0,"comment_status":"closed","ping_status":"closed","template":"template-fullwidth.php","meta":{"footnotes":""},"class_list":["post-75","page","type-page","status-publish","hentry"],"_links":{"self":[{"href":"https:\/\/villamanagement.es\/es\/wp-json\/wp\/v2\/pages\/75","targetHints":{"allow":["GET"]}}],"collection":[{"href":"https:\/\/villamanagement.es\/es\/wp-json\/wp\/v2\/pages"}],"about":[{"href":"https:\/\/villamanagement.es\/es\/wp-json\/wp\/v2\/types\/page"}],"author":[{"embeddable":true,"href":"https:\/\/villamanagement.es\/es\/wp-json\/wp\/v2\/users\/1"}],"replies":[{"embeddable":true,"href":"https:\/\/villamanagement.es\/es\/wp-json\/wp\/v2\/comments?post=75"}],"version-history":[{"count":3,"href":"https:\/\/villamanagement.es\/es\/wp-json\/wp\/v2\/pages\/75\/revisions"}],"predecessor-version":[{"id":78,"href":"https:\/\/villamanagement.es\/es\/wp-json\/wp\/v2\/pages\/75\/revisions\/78"}],"wp:attachment":[{"href":"https:\/\/villamanagement.es\/es\/wp-json\/wp\/v2\/media?parent=75"}],"curies":[{"name":"wp","href":"https:\/\/api.w.org\/{rel}","templated":true}]}}