{"id":67,"date":"2018-04-05T21:39:48","date_gmt":"2018-04-05T21:39:48","guid":{"rendered":"https:\/\/villamanagement.es\/wordpress\/?page_id=67"},"modified":"2018-04-05T22:44:35","modified_gmt":"2018-04-05T22:44:35","slug":"expertos","status":"publish","type":"page","link":"https:\/\/villamanagement.es\/es\/expertos\/","title":{"rendered":"Expertos"},"content":{"rendered":"<h2>NUESTRO EQUIPO<\/h2>\n<p><img decoding=\"async\" class=\"img_about\" src=\"https:\/\/villamanagement.es\/images\/team.jpg\" alt=\"\" \/>Villa Management es una \u00a0empresa familiar que comenz\u00f3 unos a\u00f1os atr\u00e1s llevando a cabo la gesti\u00f3n de sus propias viviendas convirti\u00e9ndonos as\u00ed en unos gestores expertos que sabemos \u00a0exactamente c\u00f3mo cuidar del negocio.<\/p>\n<p>Nuestra intenci\u00f3n es proporcionar a otros propietarios como usted los conocimientos y experiencia adquirida a lo largo de los \u00faltimos a\u00f1os para convertir su propiedad en un aut\u00e9ntico negocio.\u00a0 En la actualidad contamos con la confianza de much\u00edsimos propietarios gestionando por ellos m\u00e1s de un centenar de propiedades s\u00f3lo en las Islas Baleares.<\/p>\n<p>Inspeccionaremos su casa antes de cada llegada para asegurarse de que todo est\u00e1 listo para su ocupaci\u00f3n y le aconsejaremos con antelaci\u00f3n si hay algo que usted deba tener en cuenta, alguna reparaci\u00f3n, aver\u00eda o simplemente la recomendaci\u00f3n de cambiar una sart\u00e9n en el mal estado. Somos conscientes de la importancia de las relaciones con los hu\u00e9spedes y de responder r\u00e1pidamente a las inquietudes que \u00e9stos puedan tener durante la estancia en su propiedad.<\/p>\n<p>Damos a los propietarios y a los hu\u00e9spedes el mejor servicio posible, el trato que querr\u00edamos recibir para nosotros mismos. Esta es la raz\u00f3n por la que despu\u00e9s de varios a\u00f1os, seguimos siendo una de las pocas empresas de gesti\u00f3n que operan con \u00e9xito en Mallorca.<br \/>\nVivir y trabajar en Mallorca nos ha dado el conocimiento y la experiencia para ayudar a los propietarios obtener el m\u00e1ximo rendimiento de su inversi\u00f3n.<\/p>\n<p>Ofrecemos un servicio integral para que est\u00e9n tranquilos y seguros de que su propiedad va a ser gestionada de la manera m\u00e1s eficaz y profesional posible aprovechando todo el potencial \u00a0al m\u00e1s alto nivel en su ausencia.<\/p>\n<h2><strong><img decoding=\"async\" class=\"img_about2\" src=\"https:\/\/villamanagement.es\/images\/filosofia.jpg\" alt=\"\" \/><\/strong>NUESTRA FILOSOF\u00cdA<\/h2>\n<p>Somos una empresa altamente especializada en la gesti\u00f3n de propiedades privadas para el alquiler vacacional por semanas y muy conscientes de que trabajamos para usted, el due\u00f1o de la casa. Nuestro objetivo no es s\u00f3lo cuidar de su casa, sino para que usted pueda tener la total\u00a0 tranquilidad de saber que su inversi\u00f3n ser\u00e1 atendida como si estuviera haci\u00e9ndolo u ocup\u00e1ndose usted mismo.<br \/>\nSu villa, chalet, apartamento o finca en la isla de Mallorca es una de las mejores inversiones que usted podr\u00eda tener y podr\u00e1 beneficiarse de unos ingresos importantes o\u00a0 simplemente cubrir los costes anuales asociados a la propiedad como pueden ser IBI, basuras, seguros, mantenimiento, etc.<\/p>\n<p>Si usted vive en Mallorca, podr\u00eda gestionar todos los aspectos del alquiler y mantenimiento relacionados con su inmueble, aunque hay que reconocer que hay una gran cantidad de trabajo por hacer pero si no lo quiere o puede hacer, la mejor soluci\u00f3n es contratar a una empresa de gesti\u00f3n como \u00bb Villa Management\u00bb, que se har\u00e1 cargo de todos los aspectos posibles.<\/p>\n<p>Buscaremos los hu\u00e9spedes mediante nuestra publicidad y marketing en internet, anunciaremos y destacaremos su casa en los mejores sitios web, nos ocuparemos de las reservas, de pedir la documentaci\u00f3n legal necesaria para rellenar los contratos de alquiler temporal, recibiremos y entregaremos las llaves a los hu\u00e9spedes, cortaremos el c\u00e9sped, limpiaremos su piscina y finalmente, cuando los hu\u00e9spedes desalojen la vivienda limpiaremos su casa a fondo dej\u00e1ndola reluciente para los siguientes hu\u00e9spedes. En resumidas cuentas, nuestra empresa se encargar\u00e1 de TODO!<\/p>\n<h2>HU\u00c9SPEDES CONTENTOS = PROPIETARIOS FELICES<\/h2>\n<p><img decoding=\"async\" class=\"img_about\" src=\"https:\/\/villamanagement.es\/images\/huespedes.jpg\" alt=\"\" \/>El servicio de cambio es el servicio m\u00e1s importante. La limpieza de su casa es muy importante para nosotros y nos aseguramos de que cada hu\u00e9sped que llegue a su casa vea el cuidado y la atenci\u00f3n al detalle prestado a todos los aspectos de la casa. Esto va desde los peque\u00f1os detalles de asegurar que cada cubo de basura tenga una bolsa de pl\u00e1stico hasta el caj\u00f3n de los cubiertos bien colocados y sin migas,\u00a0 todo con el fin de que la primera impresi\u00f3n sea la mejor posible.<br \/>\nNuestras amas de casa y empleados son de de la isla, por lo tanto conocen la zona y son capaces de asesorar a los hu\u00e9spedes de los restaurantes, supermercados o farmacias \u00a0en la zona. Nuestros empleados tratar\u00e1n a su casa como si fuera la suya propia.<\/p>\n<p>Tambi\u00e9n a la entrega de llaves se les ofrecer\u00e1 una explicaci\u00f3n del funcionamiento de las cosas m\u00e1s importantes como por ejemplo el televisor y el sistema de calefacci\u00f3n o aire acondicionado y saber que nos pueden contactar en caso de emergencia \u00a0o necesidad.<\/p>\n","protected":false},"excerpt":{"rendered":"<p>NUESTRO EQUIPO Villa Management es una \u00a0empresa familiar que comenz\u00f3 unos a\u00f1os atr\u00e1s llevando a cabo la gesti\u00f3n de sus propias viviendas convirti\u00e9ndonos as\u00ed en unos gestores expertos que sabemos &#8230;<\/p>\n","protected":false},"author":1,"featured_media":0,"parent":0,"menu_order":0,"comment_status":"closed","ping_status":"closed","template":"template-fullwidth.php","meta":{"footnotes":""},"class_list":["post-67","page","type-page","status-publish","hentry"],"_links":{"self":[{"href":"https:\/\/villamanagement.es\/es\/wp-json\/wp\/v2\/pages\/67","targetHints":{"allow":["GET"]}}],"collection":[{"href":"https:\/\/villamanagement.es\/es\/wp-json\/wp\/v2\/pages"}],"about":[{"href":"https:\/\/villamanagement.es\/es\/wp-json\/wp\/v2\/types\/page"}],"author":[{"embeddable":true,"href":"https:\/\/villamanagement.es\/es\/wp-json\/wp\/v2\/users\/1"}],"replies":[{"embeddable":true,"href":"https:\/\/villamanagement.es\/es\/wp-json\/wp\/v2\/comments?post=67"}],"version-history":[{"count":4,"href":"https:\/\/villamanagement.es\/es\/wp-json\/wp\/v2\/pages\/67\/revisions"}],"predecessor-version":[{"id":169,"href":"https:\/\/villamanagement.es\/es\/wp-json\/wp\/v2\/pages\/67\/revisions\/169"}],"wp:attachment":[{"href":"https:\/\/villamanagement.es\/es\/wp-json\/wp\/v2\/media?parent=67"}],"curies":[{"name":"wp","href":"https:\/\/api.w.org\/{rel}","templated":true}]}}