{"id":63,"date":"2018-04-05T21:38:28","date_gmt":"2018-04-05T21:38:28","guid":{"rendered":"https:\/\/villamanagement.es\/wordpress\/?page_id=63"},"modified":"2018-04-06T09:36:21","modified_gmt":"2018-04-06T09:36:21","slug":"villainvest","status":"publish","type":"page","link":"https:\/\/villamanagement.es\/es\/servicios\/villainvest\/","title":{"rendered":"VILLAINVEST"},"content":{"rendered":"<p>\u00bfBuscas la mejor inversi\u00f3n para t\u00fa dinero?<\/p>\n<p>Olv\u00eddate de la bolsa, de fondos de inversi\u00f3n y de arriesgados negocios e invierte en una\u00a0<strong>casa negocio<\/strong>! Casas que ya est\u00e1n\u00a0<strong>generando dinero<\/strong>, casas negocio con los que jam\u00e1s perder\u00e1s o dejar\u00e1s de ingresar dinero! El alquiler vacacional de casas particulares est\u00e1 en auge, es un negocio rentable y seguro del que se benefician miles de propietarios.<\/p>\n<p><strong><a href=\"http:\/\/www.villainvest.es\/\" target=\"_blank\" rel=\"noopener\">Villa Invest<\/a><\/strong>\u00a0a diferencia de otras agencias inmobiliarias en el mercado<strong>\u00a0s\u00f3lo vende \u201ccasas-negocio\u201d<\/strong>\u00a0es decir chalets o fincas destinadas al alquiler vacacional por semanas a viajeros de todo el mundo que buscan pasar unas agradables vacaciones en familia lejos de hoteles caros e impersonales. Todas las casas ofertadas en nuestra web generan dinero, beneficios anuales demostrables convirti\u00e9ndolo en un negocio seguro y rentable.<\/p>\n<p>T\u00fa compras y t\u00fa decides cuantas semanas quieres destinar la casa para el alquiler vacacional; 2, 9 o 16 semanas; t\u00fa decides si quieres obtener m\u00e1xima rentabilidad o solo cubrir los gastos anuales asociados a la vivienda. Hagas lo que hagas, la decisi\u00f3n ser\u00e1 tuya\u2026\u2026\u2026adem\u00e1s\u00a0<strong>TODAS las viviendas en venta est\u00e1n a disposici\u00f3n<\/strong>\u00a0del comprador para alquilarlas y probarlas una semana o m\u00e1s, pasar unas vacaciones, ver como es la zona, descubrir el vecindario, poner la casa a prueba, en definitiva conocer de ante mano la casa a comprar, una f\u00f3rmula \u00fanica y diferente para comprar t\u00fa vivienda!<\/p>\n","protected":false},"excerpt":{"rendered":"<p>\u00bfBuscas la mejor inversi\u00f3n para t\u00fa dinero? Olv\u00eddate de la bolsa, de fondos de inversi\u00f3n y de arriesgados negocios e invierte en una\u00a0casa negocio! Casas que ya est\u00e1n\u00a0generando dinero, casas &#8230;<\/p>\n","protected":false},"author":1,"featured_media":198,"parent":6,"menu_order":0,"comment_status":"closed","ping_status":"closed","template":"template-fullwidth.php","meta":{"footnotes":""},"class_list":["post-63","page","type-page","status-publish","has-post-thumbnail","hentry"],"_links":{"self":[{"href":"https:\/\/villamanagement.es\/es\/wp-json\/wp\/v2\/pages\/63","targetHints":{"allow":["GET"]}}],"collection":[{"href":"https:\/\/villamanagement.es\/es\/wp-json\/wp\/v2\/pages"}],"about":[{"href":"https:\/\/villamanagement.es\/es\/wp-json\/wp\/v2\/types\/page"}],"author":[{"embeddable":true,"href":"https:\/\/villamanagement.es\/es\/wp-json\/wp\/v2\/users\/1"}],"replies":[{"embeddable":true,"href":"https:\/\/villamanagement.es\/es\/wp-json\/wp\/v2\/comments?post=63"}],"version-history":[{"count":4,"href":"https:\/\/villamanagement.es\/es\/wp-json\/wp\/v2\/pages\/63\/revisions"}],"predecessor-version":[{"id":197,"href":"https:\/\/villamanagement.es\/es\/wp-json\/wp\/v2\/pages\/63\/revisions\/197"}],"up":[{"embeddable":true,"href":"https:\/\/villamanagement.es\/es\/wp-json\/wp\/v2\/pages\/6"}],"wp:featuredmedia":[{"embeddable":true,"href":"https:\/\/villamanagement.es\/es\/wp-json\/wp\/v2\/media\/198"}],"wp:attachment":[{"href":"https:\/\/villamanagement.es\/es\/wp-json\/wp\/v2\/media?parent=63"}],"curies":[{"name":"wp","href":"https:\/\/api.w.org\/{rel}","templated":true}]}}