{"id":59,"date":"2018-04-05T21:37:18","date_gmt":"2018-04-05T21:37:18","guid":{"rendered":"https:\/\/villamanagement.es\/wordpress\/?page_id=59"},"modified":"2018-04-06T09:38:34","modified_gmt":"2018-04-06T09:38:34","slug":"zona-cubierta","status":"publish","type":"page","link":"https:\/\/villamanagement.es\/es\/servicios\/zona-cubierta\/","title":{"rendered":"ZONA CUBIERTA"},"content":{"rendered":"<p>Cubrimos toda la isla de Mallorca.<\/p>\n<p>Si usted es due\u00f1o de una o m\u00e1s propiedades, bien amueblada con piscina (important\u00edsimo) en excelente estado de conservaci\u00f3n ya sea una villa independiente, un chalet pareado, una finca r\u00fastica o apartamento cerca del mar en cualquier parte de la isla y desea alquilarla por semanas, queremos conocerle ya que tenemos demanda y miles de familias esperando.<\/p>\n<p>Si \u00a0su vivienda se encuentra en venta, por qu\u00e9 no sacarle un rendimiento mientras no se venda?<\/p>\n","protected":false},"excerpt":{"rendered":"<p>Cubrimos toda la isla de Mallorca. Si usted es due\u00f1o de una o m\u00e1s propiedades, bien amueblada con piscina (important\u00edsimo) en excelente estado de conservaci\u00f3n ya sea una villa independiente, &#8230;<\/p>\n","protected":false},"author":1,"featured_media":200,"parent":6,"menu_order":0,"comment_status":"closed","ping_status":"closed","template":"template-fullwidth.php","meta":{"footnotes":""},"class_list":["post-59","page","type-page","status-publish","has-post-thumbnail","hentry"],"_links":{"self":[{"href":"https:\/\/villamanagement.es\/es\/wp-json\/wp\/v2\/pages\/59","targetHints":{"allow":["GET"]}}],"collection":[{"href":"https:\/\/villamanagement.es\/es\/wp-json\/wp\/v2\/pages"}],"about":[{"href":"https:\/\/villamanagement.es\/es\/wp-json\/wp\/v2\/types\/page"}],"author":[{"embeddable":true,"href":"https:\/\/villamanagement.es\/es\/wp-json\/wp\/v2\/users\/1"}],"replies":[{"embeddable":true,"href":"https:\/\/villamanagement.es\/es\/wp-json\/wp\/v2\/comments?post=59"}],"version-history":[{"count":3,"href":"https:\/\/villamanagement.es\/es\/wp-json\/wp\/v2\/pages\/59\/revisions"}],"predecessor-version":[{"id":62,"href":"https:\/\/villamanagement.es\/es\/wp-json\/wp\/v2\/pages\/59\/revisions\/62"}],"up":[{"embeddable":true,"href":"https:\/\/villamanagement.es\/es\/wp-json\/wp\/v2\/pages\/6"}],"wp:featuredmedia":[{"embeddable":true,"href":"https:\/\/villamanagement.es\/es\/wp-json\/wp\/v2\/media\/200"}],"wp:attachment":[{"href":"https:\/\/villamanagement.es\/es\/wp-json\/wp\/v2\/media?parent=59"}],"curies":[{"name":"wp","href":"https:\/\/api.w.org\/{rel}","templated":true}]}}