{"id":55,"date":"2018-04-05T21:36:15","date_gmt":"2018-04-05T21:36:15","guid":{"rendered":"https:\/\/villamanagement.es\/wordpress\/?page_id=55"},"modified":"2018-04-06T09:36:33","modified_gmt":"2018-04-06T09:36:33","slug":"villaonline","status":"publish","type":"page","link":"https:\/\/villamanagement.es\/es\/servicios\/villaonline\/","title":{"rendered":"VILLAONLINE"},"content":{"rendered":"<p>Detr\u00e1s de Villa Online hay un equipo de profesionales dedicados al mundo online que cuenta con m\u00e1s de una d\u00e9cada de experiencia en Internet, comercio electr\u00f3nico y marketing online.<\/p>\n<p>Aprovechando nuestro saber hacer y el buen momento que vive a d\u00eda de hoy el alquiler vacacional entre particulares, decidimos crear este portal para que propietarios como t\u00fa pod\u00e1is anunciar y alquilar vuestras propias casas obteniendo as\u00ed unos beneficios.<\/p>\n<p>Tenemos mucha demanda, hu\u00e9spedes de todo el mundo buscan sobre todo en los meses de verano destinos de playa y monta\u00f1a pero tambi\u00e9n durante los meses de oto\u00f1o\/invierno buscan casas ubicadas en las principales ciudades para disfrutar y pasar unas vacaciones culturales.<\/p>\n<p>Si tienes una casa, finca o chalet vac\u00edo generando unos gastos y quieres sacarle un rendimiento o lo tienes con otras agencias o portales y deseas potenciar o reforzar las reservas, anuncia t\u00fa vivienda\u00a0\u00a0<strong><u>gratuitamente<\/u><\/strong>\u00a0en\u00a0<a href=\"http:\/\/www.villaonline.es\/\">Villa Online<\/a>.<\/p>\n","protected":false},"excerpt":{"rendered":"<p>Detr\u00e1s de Villa Online hay un equipo de profesionales dedicados al mundo online que cuenta con m\u00e1s de una d\u00e9cada de experiencia en Internet, comercio electr\u00f3nico y marketing online. Aprovechando &#8230;<\/p>\n","protected":false},"author":1,"featured_media":199,"parent":6,"menu_order":0,"comment_status":"closed","ping_status":"closed","template":"template-fullwidth.php","meta":{"footnotes":""},"class_list":["post-55","page","type-page","status-publish","has-post-thumbnail","hentry"],"_links":{"self":[{"href":"https:\/\/villamanagement.es\/es\/wp-json\/wp\/v2\/pages\/55","targetHints":{"allow":["GET"]}}],"collection":[{"href":"https:\/\/villamanagement.es\/es\/wp-json\/wp\/v2\/pages"}],"about":[{"href":"https:\/\/villamanagement.es\/es\/wp-json\/wp\/v2\/types\/page"}],"author":[{"embeddable":true,"href":"https:\/\/villamanagement.es\/es\/wp-json\/wp\/v2\/users\/1"}],"replies":[{"embeddable":true,"href":"https:\/\/villamanagement.es\/es\/wp-json\/wp\/v2\/comments?post=55"}],"version-history":[{"count":3,"href":"https:\/\/villamanagement.es\/es\/wp-json\/wp\/v2\/pages\/55\/revisions"}],"predecessor-version":[{"id":58,"href":"https:\/\/villamanagement.es\/es\/wp-json\/wp\/v2\/pages\/55\/revisions\/58"}],"up":[{"embeddable":true,"href":"https:\/\/villamanagement.es\/es\/wp-json\/wp\/v2\/pages\/6"}],"wp:featuredmedia":[{"embeddable":true,"href":"https:\/\/villamanagement.es\/es\/wp-json\/wp\/v2\/media\/199"}],"wp:attachment":[{"href":"https:\/\/villamanagement.es\/es\/wp-json\/wp\/v2\/media?parent=55"}],"curies":[{"name":"wp","href":"https:\/\/api.w.org\/{rel}","templated":true}]}}