{"id":52,"date":"2018-04-05T21:34:42","date_gmt":"2018-04-05T21:34:42","guid":{"rendered":"https:\/\/villamanagement.es\/wordpress\/?page_id=52"},"modified":"2018-04-06T08:58:47","modified_gmt":"2018-04-06T08:58:47","slug":"tramite-licencia-turistica","status":"publish","type":"page","link":"https:\/\/villamanagement.es\/es\/servicios\/tramite-licencia-turistica\/","title":{"rendered":"TRAMITE LICENCIA TURISTICA"},"content":{"rendered":"<p><strong><em>Tienes tu chalet legalizado?<\/em><\/strong><\/p>\n<p><img decoding=\"async\" class=\"img_forme\" src=\"https:\/\/villamanagement.es\/images\/lc.jpg\" \/>Debido al cambio de \u00a0la nueva normativa de la<strong>\u00a0<u>Ley General Tur\u00edstica,<\/u><\/strong>\u00a0 la Conseller\u00eda,\u00a0castigar\u00e1 econ\u00f3micamente a los propietarios de viviendas que presten servicio de alojamiento vacacional a turistas con sanciones que van\u00a0 desde los 4000\u20ac \u00a0hasta los 40.000\u20ac en los casos m\u00e1s graves, \u00a0por no disponer de la\u00a0<strong>Licencia<\/strong>\u00a0que exige la nueva normativa para chalets unifamiliares y chalets pareados.<\/p>\n<p>Los chalets adosados no est\u00e1n contemplados en la nueva ley, quedando por lo tanto prohibido el alquiler vacacional en dichas viviendas. Dicha sanci\u00f3n la emitir\u00e1 un inspector \u00a0perteneciente a la Conselleria de Turismo, que se presentar\u00e1 sin previo aviso.<\/p>\n<p>Ante esta nueva Ley VillaManagement.es dispone de un departamento para dar cobertura y ofrecer as\u00ed mayor facilidad a los propietarios gestionando el tr\u00e1mite necesario para cumplir con la normativa actual.<\/p>\n<p><strong>Ll\u00e1menos y p\u00eddanos informaci\u00f3n sin compromiso!<\/strong><\/p>\n<p><strong>al\u00a0 +34 871 96 88 92 de lunes a viernes y de 9:30 a 13:30<\/strong><\/p>\n<p><strong>Enlaces de Inter\u00e9s sobre la nueva normativa.\u00a0<\/strong><\/p>\n<p><a title=\"Nueva Normativa Turistica\" href=\"http:\/\/boib.caib.es\/pdf\/2012106\/mp42.pdf\" target=\"_blank\" rel=\"noopener\">Documento del BOIB \u00a0106 21 de julio de 2012<\/a><\/p>\n","protected":false},"excerpt":{"rendered":"<p>Tienes tu chalet legalizado? Debido al cambio de \u00a0la nueva normativa de la\u00a0Ley General Tur\u00edstica,\u00a0 la Conseller\u00eda,\u00a0castigar\u00e1 econ\u00f3micamente a los propietarios de viviendas que presten servicio de alojamiento vacacional a &#8230;<\/p>\n","protected":false},"author":1,"featured_media":191,"parent":6,"menu_order":0,"comment_status":"closed","ping_status":"closed","template":"template-fullwidth.php","meta":{"footnotes":""},"class_list":["post-52","page","type-page","status-publish","has-post-thumbnail","hentry"],"_links":{"self":[{"href":"https:\/\/villamanagement.es\/es\/wp-json\/wp\/v2\/pages\/52","targetHints":{"allow":["GET"]}}],"collection":[{"href":"https:\/\/villamanagement.es\/es\/wp-json\/wp\/v2\/pages"}],"about":[{"href":"https:\/\/villamanagement.es\/es\/wp-json\/wp\/v2\/types\/page"}],"author":[{"embeddable":true,"href":"https:\/\/villamanagement.es\/es\/wp-json\/wp\/v2\/users\/1"}],"replies":[{"embeddable":true,"href":"https:\/\/villamanagement.es\/es\/wp-json\/wp\/v2\/comments?post=52"}],"version-history":[{"count":3,"href":"https:\/\/villamanagement.es\/es\/wp-json\/wp\/v2\/pages\/52\/revisions"}],"predecessor-version":[{"id":190,"href":"https:\/\/villamanagement.es\/es\/wp-json\/wp\/v2\/pages\/52\/revisions\/190"}],"up":[{"embeddable":true,"href":"https:\/\/villamanagement.es\/es\/wp-json\/wp\/v2\/pages\/6"}],"wp:featuredmedia":[{"embeddable":true,"href":"https:\/\/villamanagement.es\/es\/wp-json\/wp\/v2\/media\/191"}],"wp:attachment":[{"href":"https:\/\/villamanagement.es\/es\/wp-json\/wp\/v2\/media?parent=52"}],"curies":[{"name":"wp","href":"https:\/\/api.w.org\/{rel}","templated":true}]}}