{"id":48,"date":"2018-04-05T21:32:58","date_gmt":"2018-04-05T21:32:58","guid":{"rendered":"https:\/\/villamanagement.es\/wordpress\/?page_id=48"},"modified":"2018-04-06T09:05:04","modified_gmt":"2018-04-06T09:05:04","slug":"mantenimiento-preventivo","status":"publish","type":"page","link":"https:\/\/villamanagement.es\/es\/servicios\/mantenimiento-preventivo\/","title":{"rendered":"MANTENIMIENTO PREVENTIVO"},"content":{"rendered":"<p>Ponemos un gran \u00e9nfasis en el mantenimiento preventivo, porque realizado regularmente puede reducir el coste de funcionamiento de una vivienda. No esperamos hasta que ocurre algo desastroso y luego facturarle a usted por una reparaci\u00f3n importante cuando un control sencillo y a tiempo puede evitar precisamente esto.<\/p>\n<p>Somos especialistas en la administraci\u00f3n y gesti\u00f3n de villas, fincas en Mallorca, por lo tanto tenga cuidado con otras empresas que dicen ser tambi\u00e9n empresas especializadas cuando realmente no lo son. Si est\u00e1 considerando seriamente alquilar su propiedad, naturalmente podr\u00eda pensar primero en la forma m\u00e1s barata de hacerlo, sin embargo, ojo, desde nuestro punto de vista el dicho de que \u201crecibir\u00e1s por lo que pagas\u201d es muy apropiado.<\/p>\n<p>Piense que cualquier empresa de gesti\u00f3n de propiedad peque\u00f1a, casi seguro\u00a0 le va a cobrar una tarifa m\u00e1s baja pero\u00a0 quiz\u00e1s \u00e9sta no tenga los recursos necesarios para mantener su propiedad como a usted le gustar\u00eda. Del mismo modo, probablemente tampoco pueda hacer frente a cualquier situaci\u00f3n de emergencia real por grande o peque\u00f1o que sea.<\/p>\n","protected":false},"excerpt":{"rendered":"<p>Ponemos un gran \u00e9nfasis en el mantenimiento preventivo, porque realizado regularmente puede reducir el coste de funcionamiento de una vivienda. No esperamos hasta que ocurre algo desastroso y luego facturarle &#8230;<\/p>\n","protected":false},"author":1,"featured_media":192,"parent":6,"menu_order":0,"comment_status":"closed","ping_status":"closed","template":"template-fullwidth.php","meta":{"footnotes":""},"class_list":["post-48","page","type-page","status-publish","has-post-thumbnail","hentry"],"_links":{"self":[{"href":"https:\/\/villamanagement.es\/es\/wp-json\/wp\/v2\/pages\/48","targetHints":{"allow":["GET"]}}],"collection":[{"href":"https:\/\/villamanagement.es\/es\/wp-json\/wp\/v2\/pages"}],"about":[{"href":"https:\/\/villamanagement.es\/es\/wp-json\/wp\/v2\/types\/page"}],"author":[{"embeddable":true,"href":"https:\/\/villamanagement.es\/es\/wp-json\/wp\/v2\/users\/1"}],"replies":[{"embeddable":true,"href":"https:\/\/villamanagement.es\/es\/wp-json\/wp\/v2\/comments?post=48"}],"version-history":[{"count":3,"href":"https:\/\/villamanagement.es\/es\/wp-json\/wp\/v2\/pages\/48\/revisions"}],"predecessor-version":[{"id":51,"href":"https:\/\/villamanagement.es\/es\/wp-json\/wp\/v2\/pages\/48\/revisions\/51"}],"up":[{"embeddable":true,"href":"https:\/\/villamanagement.es\/es\/wp-json\/wp\/v2\/pages\/6"}],"wp:featuredmedia":[{"embeddable":true,"href":"https:\/\/villamanagement.es\/es\/wp-json\/wp\/v2\/media\/192"}],"wp:attachment":[{"href":"https:\/\/villamanagement.es\/es\/wp-json\/wp\/v2\/media?parent=48"}],"curies":[{"name":"wp","href":"https:\/\/api.w.org\/{rel}","templated":true}]}}