{"id":44,"date":"2018-04-05T21:31:54","date_gmt":"2018-04-05T21:31:54","guid":{"rendered":"https:\/\/villamanagement.es\/wordpress\/?page_id=44"},"modified":"2018-04-06T08:53:49","modified_gmt":"2018-04-06T08:53:49","slug":"piscina","status":"publish","type":"page","link":"https:\/\/villamanagement.es\/es\/servicios\/piscina\/","title":{"rendered":"PISCINA"},"content":{"rendered":"<p>Si usted tiene una piscina en su vivienda, es de vital importancia que se mantenga limpia y en perfectas condiciones, no s\u00f3lo porque le puede ahorrar dinero, sino porque tenemos que asegurarnos de que sea completamente seguro para sus hu\u00e9spedes, tanto los niveles de cloro como el PH, no hay nada peor que una piscina mal mantenida y ser\u00e1n quejas seguras.<\/p>\n","protected":false},"excerpt":{"rendered":"<p>Si usted tiene una piscina en su vivienda, es de vital importancia que se mantenga limpia y en perfectas condiciones, no s\u00f3lo porque le puede ahorrar dinero, sino porque tenemos &#8230;<\/p>\n","protected":false},"author":1,"featured_media":188,"parent":6,"menu_order":0,"comment_status":"closed","ping_status":"closed","template":"template-fullwidth.php","meta":{"footnotes":""},"class_list":["post-44","page","type-page","status-publish","has-post-thumbnail","hentry"],"_links":{"self":[{"href":"https:\/\/villamanagement.es\/es\/wp-json\/wp\/v2\/pages\/44","targetHints":{"allow":["GET"]}}],"collection":[{"href":"https:\/\/villamanagement.es\/es\/wp-json\/wp\/v2\/pages"}],"about":[{"href":"https:\/\/villamanagement.es\/es\/wp-json\/wp\/v2\/types\/page"}],"author":[{"embeddable":true,"href":"https:\/\/villamanagement.es\/es\/wp-json\/wp\/v2\/users\/1"}],"replies":[{"embeddable":true,"href":"https:\/\/villamanagement.es\/es\/wp-json\/wp\/v2\/comments?post=44"}],"version-history":[{"count":3,"href":"https:\/\/villamanagement.es\/es\/wp-json\/wp\/v2\/pages\/44\/revisions"}],"predecessor-version":[{"id":47,"href":"https:\/\/villamanagement.es\/es\/wp-json\/wp\/v2\/pages\/44\/revisions\/47"}],"up":[{"embeddable":true,"href":"https:\/\/villamanagement.es\/es\/wp-json\/wp\/v2\/pages\/6"}],"wp:featuredmedia":[{"embeddable":true,"href":"https:\/\/villamanagement.es\/es\/wp-json\/wp\/v2\/media\/188"}],"wp:attachment":[{"href":"https:\/\/villamanagement.es\/es\/wp-json\/wp\/v2\/media?parent=44"}],"curies":[{"name":"wp","href":"https:\/\/api.w.org\/{rel}","templated":true}]}}