{"id":36,"date":"2018-04-05T21:29:18","date_gmt":"2018-04-05T21:29:18","guid":{"rendered":"https:\/\/villamanagement.es\/wordpress\/?page_id=36"},"modified":"2018-04-06T08:47:37","modified_gmt":"2018-04-06T08:47:37","slug":"limpieza","status":"publish","type":"page","link":"https:\/\/villamanagement.es\/es\/servicios\/limpieza\/","title":{"rendered":"LIMPIEZA"},"content":{"rendered":"<p>El equipo de limpieza no s\u00f3lo limpia sino que tambi\u00e9n est\u00e1n capacitados para detectar un posible problema a tiempo y llamar a un t\u00e9cnico o empresa especializada si tiene alguna duda sobre cualquier cosa en su casa.<\/p>\n<p>Mientras el servicio de limpieza en muchas empresas son s\u00f3lo empleadas de limpieza, nuestro personal de limpieza son una parte integral del equipo que trabajan para mantener su casa en \u00f3ptimas condiciones.<\/p>\n","protected":false},"excerpt":{"rendered":"<p>El equipo de limpieza no s\u00f3lo limpia sino que tambi\u00e9n est\u00e1n capacitados para detectar un posible problema a tiempo y llamar a un t\u00e9cnico o empresa especializada si tiene alguna &#8230;<\/p>\n","protected":false},"author":1,"featured_media":184,"parent":6,"menu_order":0,"comment_status":"closed","ping_status":"closed","template":"template-fullwidth.php","meta":{"footnotes":""},"class_list":["post-36","page","type-page","status-publish","has-post-thumbnail","hentry"],"_links":{"self":[{"href":"https:\/\/villamanagement.es\/es\/wp-json\/wp\/v2\/pages\/36","targetHints":{"allow":["GET"]}}],"collection":[{"href":"https:\/\/villamanagement.es\/es\/wp-json\/wp\/v2\/pages"}],"about":[{"href":"https:\/\/villamanagement.es\/es\/wp-json\/wp\/v2\/types\/page"}],"author":[{"embeddable":true,"href":"https:\/\/villamanagement.es\/es\/wp-json\/wp\/v2\/users\/1"}],"replies":[{"embeddable":true,"href":"https:\/\/villamanagement.es\/es\/wp-json\/wp\/v2\/comments?post=36"}],"version-history":[{"count":3,"href":"https:\/\/villamanagement.es\/es\/wp-json\/wp\/v2\/pages\/36\/revisions"}],"predecessor-version":[{"id":39,"href":"https:\/\/villamanagement.es\/es\/wp-json\/wp\/v2\/pages\/36\/revisions\/39"}],"up":[{"embeddable":true,"href":"https:\/\/villamanagement.es\/es\/wp-json\/wp\/v2\/pages\/6"}],"wp:featuredmedia":[{"embeddable":true,"href":"https:\/\/villamanagement.es\/es\/wp-json\/wp\/v2\/media\/184"}],"wp:attachment":[{"href":"https:\/\/villamanagement.es\/es\/wp-json\/wp\/v2\/media?parent=36"}],"curies":[{"name":"wp","href":"https:\/\/api.w.org\/{rel}","templated":true}]}}