{"id":28,"date":"2018-04-05T21:26:42","date_gmt":"2018-04-05T21:26:42","guid":{"rendered":"https:\/\/villamanagement.es\/wordpress\/?page_id=28"},"modified":"2018-04-06T09:06:42","modified_gmt":"2018-04-06T09:06:42","slug":"servicio-al-huesped","status":"publish","type":"page","link":"https:\/\/villamanagement.es\/es\/servicios\/servicio-al-huesped\/","title":{"rendered":"SERVICIO AL HUESPED"},"content":{"rendered":"<div class=\"contenido\">\n<p>Inspeccionaremos su casa antes de cada llegada para asegurarnos de que est\u00e1 listo para su ocupaci\u00f3n y le informaremos con antelaci\u00f3n si hay algo que usted necesite conocer.<\/p>\n<p>Somos conscientes de la importancia de las relaciones con clientes y responderemos r\u00e1pidamente a las inquietudes que puedan tener durante la estancia en su propiedad sus clientes.<\/p>\n<\/div>\n","protected":false},"excerpt":{"rendered":"<p>Inspeccionaremos su casa antes de cada llegada para asegurarnos de que est\u00e1 listo para su ocupaci\u00f3n y le informaremos con antelaci\u00f3n si hay algo que usted necesite conocer. Somos conscientes &#8230;<\/p>\n","protected":false},"author":1,"featured_media":193,"parent":6,"menu_order":0,"comment_status":"closed","ping_status":"closed","template":"template-fullwidth.php","meta":{"footnotes":""},"class_list":["post-28","page","type-page","status-publish","has-post-thumbnail","hentry"],"_links":{"self":[{"href":"https:\/\/villamanagement.es\/es\/wp-json\/wp\/v2\/pages\/28","targetHints":{"allow":["GET"]}}],"collection":[{"href":"https:\/\/villamanagement.es\/es\/wp-json\/wp\/v2\/pages"}],"about":[{"href":"https:\/\/villamanagement.es\/es\/wp-json\/wp\/v2\/types\/page"}],"author":[{"embeddable":true,"href":"https:\/\/villamanagement.es\/es\/wp-json\/wp\/v2\/users\/1"}],"replies":[{"embeddable":true,"href":"https:\/\/villamanagement.es\/es\/wp-json\/wp\/v2\/comments?post=28"}],"version-history":[{"count":3,"href":"https:\/\/villamanagement.es\/es\/wp-json\/wp\/v2\/pages\/28\/revisions"}],"predecessor-version":[{"id":31,"href":"https:\/\/villamanagement.es\/es\/wp-json\/wp\/v2\/pages\/28\/revisions\/31"}],"up":[{"embeddable":true,"href":"https:\/\/villamanagement.es\/es\/wp-json\/wp\/v2\/pages\/6"}],"wp:featuredmedia":[{"embeddable":true,"href":"https:\/\/villamanagement.es\/es\/wp-json\/wp\/v2\/media\/193"}],"wp:attachment":[{"href":"https:\/\/villamanagement.es\/es\/wp-json\/wp\/v2\/media?parent=28"}],"curies":[{"name":"wp","href":"https:\/\/api.w.org\/{rel}","templated":true}]}}