{"id":17,"date":"2018-04-05T21:22:39","date_gmt":"2018-04-05T21:22:39","guid":{"rendered":"https:\/\/villamanagement.es\/wordpress\/?page_id=17"},"modified":"2018-04-06T08:55:21","modified_gmt":"2018-04-06T08:55:21","slug":"reservas-y-contratos","status":"publish","type":"page","link":"https:\/\/villamanagement.es\/es\/servicios\/reservas-y-contratos\/","title":{"rendered":"RESERVAS Y CONTRATOS"},"content":{"rendered":"<p>Nuestro departamento de Reservas no descansa y trabaja todos los d\u00edas del a\u00f1o respondiendo a todas las peticiones en el menor tiempo posible, convirtiendo as\u00ed las peticiones de reservas en reservas confirmadas!<\/p>\n<p>Saber a qui\u00e9n dejamos entrar en las casas de nuestros propietarios es sumamente importante y por ello nos aseguramos de tener toda la documentaci\u00f3n legal necesaria en regla antes de proceder a la firma de un contrato de alquiler temporal para estancias cortas.<\/p>\n","protected":false},"excerpt":{"rendered":"<p>Nuestro departamento de Reservas no descansa y trabaja todos los d\u00edas del a\u00f1o respondiendo a todas las peticiones en el menor tiempo posible, convirtiendo as\u00ed las peticiones de reservas en &#8230;<\/p>\n","protected":false},"author":1,"featured_media":189,"parent":6,"menu_order":0,"comment_status":"closed","ping_status":"closed","template":"template-fullwidth.php","meta":{"footnotes":""},"class_list":["post-17","page","type-page","status-publish","has-post-thumbnail","hentry"],"_links":{"self":[{"href":"https:\/\/villamanagement.es\/es\/wp-json\/wp\/v2\/pages\/17","targetHints":{"allow":["GET"]}}],"collection":[{"href":"https:\/\/villamanagement.es\/es\/wp-json\/wp\/v2\/pages"}],"about":[{"href":"https:\/\/villamanagement.es\/es\/wp-json\/wp\/v2\/types\/page"}],"author":[{"embeddable":true,"href":"https:\/\/villamanagement.es\/es\/wp-json\/wp\/v2\/users\/1"}],"replies":[{"embeddable":true,"href":"https:\/\/villamanagement.es\/es\/wp-json\/wp\/v2\/comments?post=17"}],"version-history":[{"count":4,"href":"https:\/\/villamanagement.es\/es\/wp-json\/wp\/v2\/pages\/17\/revisions"}],"predecessor-version":[{"id":21,"href":"https:\/\/villamanagement.es\/es\/wp-json\/wp\/v2\/pages\/17\/revisions\/21"}],"up":[{"embeddable":true,"href":"https:\/\/villamanagement.es\/es\/wp-json\/wp\/v2\/pages\/6"}],"wp:featuredmedia":[{"embeddable":true,"href":"https:\/\/villamanagement.es\/es\/wp-json\/wp\/v2\/media\/189"}],"wp:attachment":[{"href":"https:\/\/villamanagement.es\/es\/wp-json\/wp\/v2\/media?parent=17"}],"curies":[{"name":"wp","href":"https:\/\/api.w.org\/{rel}","templated":true}]}}