{"id":11,"date":"2018-04-05T21:20:27","date_gmt":"2018-04-05T21:20:27","guid":{"rendered":"https:\/\/villamanagement.es\/wordpress\/?page_id=11"},"modified":"2018-04-06T09:07:31","modified_gmt":"2018-04-06T09:07:31","slug":"marketing-online","status":"publish","type":"page","link":"https:\/\/villamanagement.es\/es\/servicios\/marketing-online\/","title":{"rendered":"MARKETING ONLINE"},"content":{"rendered":"<p>El sector de los viajes y alojamientos hoy d\u00eda es muy sofisticado y altamente competitivo, en internet disponemos de much\u00edsimos portales especializados por lo que nuestra empresa emplea y elige los mejores portales web en los diferentes pa\u00edses europeos para la promoci\u00f3n y publicidad de su vivienda adem\u00e1s de nuestro propio portal para la captaci\u00f3n de futuros hu\u00e9spedes.<\/p>\n","protected":false},"excerpt":{"rendered":"<p>El sector de los viajes y alojamientos hoy d\u00eda es muy sofisticado y altamente competitivo, en internet disponemos de much\u00edsimos portales especializados por lo que nuestra empresa emplea y elige &#8230;<\/p>\n","protected":false},"author":1,"featured_media":195,"parent":6,"menu_order":0,"comment_status":"closed","ping_status":"closed","template":"template-fullwidth.php","meta":{"footnotes":""},"class_list":["post-11","page","type-page","status-publish","has-post-thumbnail","hentry"],"_links":{"self":[{"href":"https:\/\/villamanagement.es\/es\/wp-json\/wp\/v2\/pages\/11","targetHints":{"allow":["GET"]}}],"collection":[{"href":"https:\/\/villamanagement.es\/es\/wp-json\/wp\/v2\/pages"}],"about":[{"href":"https:\/\/villamanagement.es\/es\/wp-json\/wp\/v2\/types\/page"}],"author":[{"embeddable":true,"href":"https:\/\/villamanagement.es\/es\/wp-json\/wp\/v2\/users\/1"}],"replies":[{"embeddable":true,"href":"https:\/\/villamanagement.es\/es\/wp-json\/wp\/v2\/comments?post=11"}],"version-history":[{"count":6,"href":"https:\/\/villamanagement.es\/es\/wp-json\/wp\/v2\/pages\/11\/revisions"}],"predecessor-version":[{"id":194,"href":"https:\/\/villamanagement.es\/es\/wp-json\/wp\/v2\/pages\/11\/revisions\/194"}],"up":[{"embeddable":true,"href":"https:\/\/villamanagement.es\/es\/wp-json\/wp\/v2\/pages\/6"}],"wp:featuredmedia":[{"embeddable":true,"href":"https:\/\/villamanagement.es\/es\/wp-json\/wp\/v2\/media\/195"}],"wp:attachment":[{"href":"https:\/\/villamanagement.es\/es\/wp-json\/wp\/v2\/media?parent=11"}],"curies":[{"name":"wp","href":"https:\/\/api.w.org\/{rel}","templated":true}]}}