{"id":67,"date":"2018-04-05T21:39:48","date_gmt":"2018-04-05T21:39:48","guid":{"rendered":"https:\/\/villamanagement.es\/wordpress\/?page_id=67"},"modified":"2018-04-05T22:44:35","modified_gmt":"2018-04-05T22:44:35","slug":"expertos","status":"publish","type":"page","link":"https:\/\/villamanagement.es\/de\/expertos\/","title":{"rendered":"\u00dcBER UNS"},"content":{"rendered":"<h2>UNSER TEAM<\/h2>\n<p><img decoding=\"async\" class=\"img_about\" src=\"https:\/\/villamanagement.es\/images\/team.jpg\" alt=\"\" \/>Mallorca Villa Management ist ein gefestigtes, im Familienbetrieb gef\u00fchrtes Unternehmen, das vor wenigen Jahren mit der Verwaltung seiner eigenen Immobilien begonnen hat und das genau wei\u00df, wie man sich um das Gesch\u00e4ft k\u00fcmmern muss. Wir m\u00f6chten anderen Hausbesitzern wie Ihnen unser Knowhow und unsere Erfahrung zur Verf\u00fcgung stellen.<\/p>\n<p>Wir inspizieren Ihr Haus vor jedem Check-In, stellen sicher, dass es bezugsfertig ist und informieren Sie rechtzeitig \u00fcber jede Eventualit\u00e4t. Wir verstehen die Bedeutung der G\u00e4stebetreuung und antworten unverz\u00fcglich auf alle Fragen oder Unklarheiten, die den G\u00e4ste w\u00e4hrend des Aufenthaltes in Ihrer Immobilie entstehen k\u00f6nnten.<\/p>\n<p>Wir bieten Immobilienbesitzern und Reiseanbietern den bestm\u00f6glichen Service, n\u00e4mlich denjenigen, den wir selbst gerne erhalten w\u00fcrden. Deshalb sind wir nach mehreren Jahren eine der wenigen erfolgreich in der Region t\u00e4tigen Management-Firmen.<\/p>\n<p>In Mallorca zu leben und zu arbeiten hat uns das n\u00f6tige Verst\u00e4ndnis und die Erfahrung verliehen, Immobilienbesitzern dabei zu helfen, aus ihrer Investition den gr\u00f6\u00dftm\u00f6glichen Gewinn zu ziehen.<\/p>\n<p>Wir bieten einen umfangreichen Service, damit Sie die Gewissheit haben, dass Ihre Immobilie in Ihrer Abwesenheit auf hohem Niveau beworben, maximal gen\u00fctzt, gepflegt und betreut wird.<\/p>\n<p>Wer seine Immobilie nicht als ganzj\u00e4hrige Gesch\u00e4ftsanlage n\u00fctzen will, kann unseren beliebtesten Service bestellen, das \u201cRundum-sorglos-Paket\u201d und die \u201cVorbereitung und Inspizierung\u201d.<\/p>\n<h2><strong><img decoding=\"async\" class=\"img_about2\" src=\"https:\/\/villamanagement.es\/images\/filosofia.jpg\" alt=\"\" \/><\/strong>UNSERE PHILOSOPHIE<\/h2>\n<p>Als ein auf das Management von Ferienimmobilien spezialisiertes Unternehmen sind wir uns deutlich der Tatsache bewusst, dass wir f\u00fcr SIE, den Eigent\u00fcmer arbeiten. Unser Ziel ist nicht nur, f\u00fcr Ihr Haus Sorge zu tragen, sondern auch Ihnen selbst die Gewissheit zu bieten, dass wir uns genauso gut um Ihre Investition k\u00fcmmern wie Sie selbst.<\/p>\n<p>Ihr Ferienhaus oder Ihre Ferienwohnung auf der spanischen Insel Mallorca ist eine der besten Investitionen, die Sie machen konnten. Sie k\u00f6nnen einen betr\u00e4chtlichen Kapitalertrag aus Ihrer Investition ziehen oder nur die j\u00e4hrlichen Kosten decken, die Ihnen im Zusammenhang mit einer Eigent\u00fcmerschaft einer spanischen Immobilie entstehen.<\/p>\n<p>Wenn Sie in der N\u00e4he Ihres Ferienhauses leben, k\u00f6nnen Sie Sich auch selbst um alle Aspekte der Vermietung Ihrer Immobilie k\u00fcmmern, auch wenn dies einen beachtlichen Arbeitsaufwand bedeutet. Sollten Sie Sich jedoch dagegen entscheiden, ist es am besten, Sie wenden Sich an eine Immobilien-Managementfirma wie \u201cMallorca Villa Management\u201d, die sich um das ganze Gesch\u00e4ft k\u00fcmmert und auch die Details ins Reine bringt.<\/p>\n<p>Wir schalten Anzeigen f\u00fcr Ihre Immobilie und machen Werbung f\u00fcr sie, wir finden die G\u00e4ste, reservieren und buchen, k\u00fcmmern uns um die befristeten Mietvertr\u00e4ge und die n\u00f6tigen B\u00fcroarbeiten, empfangen pers\u00f6nlich die G\u00e4ste, m\u00e4hen den Rasen, reinigen Ihren Pool und \u00fcbernehmen schlie\u00dflich nach der Abreise der G\u00e4ste die Endreinigung Ihres Hauses, damit dieses seine n\u00e4chsten G\u00e4ste in makellosem Zustand erwartet; wir nehmen Ihnen als dem Eigent\u00fcmer alle Sorgen und Lasten ab. Kurz gesagt\u2026. Wir k\u00fcmmern uns um ALLES!<\/p>\n<h2><\/h2>\n<h2>GUEST GL\u00dcCKLICH = GL\u00dcCKLICHEN BESITZER<\/h2>\n<p><span id=\"result_box2\" lang=\"de\"><img decoding=\"async\" class=\"img_about\" src=\"https:\/\/villamanagement.es\/images\/huespedes.jpg\" alt=\"\" \/>Der Austausch-Service ist der wichtigste Dienst. Reinigung Ihres Hauses ist uns sehr wichtig, und wir sorgen daf\u00fcr, dass jeder Gast, der zu Ihrem Haus kommt die Sorgfalt und Liebe zum Detail, um jeden Aspekt des Hauses gegeben, um zu sehen. Dies reicht von den kleinen Details, um sicherzustellen, dass jeder eine M\u00fcll Plastikbeutel, bis die Schublade gelegt und ohne Kr\u00fcmel fallen, alles in Ordnung, dass der erste Eindruck ist der beste.<br \/>\nUnsere Hausfrauen und Mitarbeiter sind auf der Insel, so kennen die Gegend und sind in der Lage, die G\u00e4ste der Restaurants, Superm\u00e4rkten und Apotheken beraten in der Gegend. Unsere Mitarbeiter werden sich zu Hause behandeln, als w\u00e4re es sein eigenes.<\/p>\n<p>Auch die \u00dcbergabe wird eine Erkl\u00e4rung der Funktionsweise der wichtigsten Dinge, wie der TV-und der Heizung oder Klimaanlage angeboten werden und wissen, dass wir im Notfall oder Notwendigkeit zu kontaktieren.<\/span><\/p>\n","protected":false},"excerpt":{"rendered":"<p>UNSER TEAM Mallorca Villa Management ist ein gefestigtes, im Familienbetrieb gef\u00fchrtes Unternehmen, das vor wenigen Jahren mit der Verwaltung seiner eigenen Immobilien begonnen hat und das genau wei\u00df, wie man &#8230;<\/p>\n","protected":false},"author":1,"featured_media":0,"parent":0,"menu_order":0,"comment_status":"closed","ping_status":"closed","template":"template-fullwidth.php","meta":{"footnotes":""},"class_list":["post-67","page","type-page","status-publish","hentry"],"_links":{"self":[{"href":"https:\/\/villamanagement.es\/de\/wp-json\/wp\/v2\/pages\/67","targetHints":{"allow":["GET"]}}],"collection":[{"href":"https:\/\/villamanagement.es\/de\/wp-json\/wp\/v2\/pages"}],"about":[{"href":"https:\/\/villamanagement.es\/de\/wp-json\/wp\/v2\/types\/page"}],"author":[{"embeddable":true,"href":"https:\/\/villamanagement.es\/de\/wp-json\/wp\/v2\/users\/1"}],"replies":[{"embeddable":true,"href":"https:\/\/villamanagement.es\/de\/wp-json\/wp\/v2\/comments?post=67"}],"version-history":[{"count":4,"href":"https:\/\/villamanagement.es\/de\/wp-json\/wp\/v2\/pages\/67\/revisions"}],"predecessor-version":[{"id":169,"href":"https:\/\/villamanagement.es\/de\/wp-json\/wp\/v2\/pages\/67\/revisions\/169"}],"wp:attachment":[{"href":"https:\/\/villamanagement.es\/de\/wp-json\/wp\/v2\/media?parent=67"}],"curies":[{"name":"wp","href":"https:\/\/api.w.org\/{rel}","templated":true}]}}