{"id":63,"date":"2018-04-05T21:38:28","date_gmt":"2018-04-05T21:38:28","guid":{"rendered":"https:\/\/villamanagement.es\/wordpress\/?page_id=63"},"modified":"2018-04-06T09:36:21","modified_gmt":"2018-04-06T09:36:21","slug":"villainvest","status":"publish","type":"page","link":"https:\/\/villamanagement.es\/de\/servicios\/villainvest\/","title":{"rendered":"VILLAINVEST"},"content":{"rendered":"<div>\n<p>Suchen Sie die beste Inversion f\u00fcr Ihr Geld?<\/p>\n<p>Vergessen Sie die B\u00f6rse, Investmentfonds und andere riskante Gesch\u00e4fte und investieren Sie in Ihr \u2018Rendite-Haus\u2019! H\u00e4user, die bereits Geld einbringen, Rendite-H\u00e4user mit welchen Sie kein Geld verlieren , mit welchen Sie immer Geld einbringen! Die Ferienvermietung von Eigentumsh\u00e4user ist im Aufschwung, es ist ein rentables und sicheres Gesch\u00e4ft, und tausende von Eigent\u00fcmern profitieren schon davon.<\/p>\n<p><a href=\"http:\/\/www.villainvest.es\/de\/\" target=\"_blank\" rel=\"noopener\">Villa Invest<\/a>, im Gegensatz zu anderen Immobilienagenturen, verkauft NUR \u201cRendite-H\u00e4user\u201d; das heisst, Landh\u00e4user oder Fincas , die zur w\u00f6chentlichen Ferienvermietung bestimmt sind. Unz\u00e4hlige Reisende aus aller Welt, die einen angenehmen Familienurlaub, fern von teurem und unpersonalem Hoteltourismus wollen, suchen vorallem diese Art Urlaub. Alle auf unserer Internetseite angebotenen H\u00e4user werfen Gewinne ab, j\u00e4hrliche Profite sind nachweisbar und machen daraus ein sicheres und rentables Gesch\u00e4ft.<\/p>\n<p>Sie kaufen und Sie entscheiden wie viele Wochen Sie Ihr Haus zur Ferienvermietung freistellen m\u00f6chten: zwei, neun oder 16 Wochen: Sie entscheiden ob Sie maximale Rentabilit\u00e4t m\u00f6chten oder nur die allgemeinen, j\u00e4hrlichen Ausgaben des Hauses decken. Egal was Sie vorhaben, die Entscheidung liegt bei Ihnen. Zudem: ALLE H\u00e4user, die zum Verkauf ausgeschrieben sind, stehen dem K\u00e4ufer gerne zur Miete zur Verf\u00fcgung, um sie eine Woche oder mehr zu testen, Urlaub zu machen, die Zone kennenzulernen, die Umgebung zu entdecken, das Haus auf Probe zu stellen, letztendlich um das Haus vorweg zu experimentieren.<\/p>\n<\/div>\n","protected":false},"excerpt":{"rendered":"<p>Suchen Sie die beste Inversion f\u00fcr Ihr Geld? Vergessen Sie die B\u00f6rse, Investmentfonds und andere riskante Gesch\u00e4fte und investieren Sie in Ihr \u2018Rendite-Haus\u2019! H\u00e4user, die bereits Geld einbringen, Rendite-H\u00e4user mit &#8230;<\/p>\n","protected":false},"author":1,"featured_media":198,"parent":6,"menu_order":0,"comment_status":"closed","ping_status":"closed","template":"template-fullwidth.php","meta":{"footnotes":""},"class_list":["post-63","page","type-page","status-publish","has-post-thumbnail","hentry"],"_links":{"self":[{"href":"https:\/\/villamanagement.es\/de\/wp-json\/wp\/v2\/pages\/63","targetHints":{"allow":["GET"]}}],"collection":[{"href":"https:\/\/villamanagement.es\/de\/wp-json\/wp\/v2\/pages"}],"about":[{"href":"https:\/\/villamanagement.es\/de\/wp-json\/wp\/v2\/types\/page"}],"author":[{"embeddable":true,"href":"https:\/\/villamanagement.es\/de\/wp-json\/wp\/v2\/users\/1"}],"replies":[{"embeddable":true,"href":"https:\/\/villamanagement.es\/de\/wp-json\/wp\/v2\/comments?post=63"}],"version-history":[{"count":4,"href":"https:\/\/villamanagement.es\/de\/wp-json\/wp\/v2\/pages\/63\/revisions"}],"predecessor-version":[{"id":197,"href":"https:\/\/villamanagement.es\/de\/wp-json\/wp\/v2\/pages\/63\/revisions\/197"}],"up":[{"embeddable":true,"href":"https:\/\/villamanagement.es\/de\/wp-json\/wp\/v2\/pages\/6"}],"wp:featuredmedia":[{"embeddable":true,"href":"https:\/\/villamanagement.es\/de\/wp-json\/wp\/v2\/media\/198"}],"wp:attachment":[{"href":"https:\/\/villamanagement.es\/de\/wp-json\/wp\/v2\/media?parent=63"}],"curies":[{"name":"wp","href":"https:\/\/api.w.org\/{rel}","templated":true}]}}