{"id":55,"date":"2018-04-05T21:36:15","date_gmt":"2018-04-05T21:36:15","guid":{"rendered":"https:\/\/villamanagement.es\/wordpress\/?page_id=55"},"modified":"2018-04-06T09:36:33","modified_gmt":"2018-04-06T09:36:33","slug":"villaonline","status":"publish","type":"page","link":"https:\/\/villamanagement.es\/de\/servicios\/villaonline\/","title":{"rendered":"VILLAONLINE"},"content":{"rendered":"<p><span id=\"result_box\" lang=\"de\">Hinter Villa Online ist ein Team von Fachleuten, um die Online-Welt mit \u00fcber einem Jahrzehnt Erfahrung im Internet, E-Commerce und Online-Marketing gewidmet.<\/p>\n<p>Dank unserer Expertise und gute Zeit, die heute leben die Ferienwohnung Inhaber, beschlossen wir, diese Website-Betreiber zu erstellen, wie Sie in der Lage zu werben und mieten Sie Ihr eigenes Haus wird einige Vorteile bieten.<\/p>\n<p>Wir versuchten, die G\u00e4ste aus der ganzen Welt suchen, vor allem im Sommer Strand-und Bergzielen, sondern auch im Herbst \/ Winter auf der Suche nach Wohnungen in gro\u00dfen St\u00e4dten zu genie\u00dfen und verbringen einen Kultururlaub.<\/p>\n<p>Wenn Sie ein Haus, Hof oder Villa Vakuumerzeugungsausgaben und Sie erhalten eine Rendite oder mit anderen Agenturen oder Portale und verbessern oder verst\u00e4rken gew\u00fcnschten Reservierungen m\u00f6chten, freien Wohnungs der angek\u00fcndigten Sie<\/span>\u00a0<a href=\"http:\/\/www.villaonline.es\/\">Villa Online<\/a>.<\/p>\n","protected":false},"excerpt":{"rendered":"<p>Hinter Villa Online ist ein Team von Fachleuten, um die Online-Welt mit \u00fcber einem Jahrzehnt Erfahrung im Internet, E-Commerce und Online-Marketing gewidmet. Dank unserer Expertise und gute Zeit, die heute &#8230;<\/p>\n","protected":false},"author":1,"featured_media":199,"parent":6,"menu_order":0,"comment_status":"closed","ping_status":"closed","template":"template-fullwidth.php","meta":{"footnotes":""},"class_list":["post-55","page","type-page","status-publish","has-post-thumbnail","hentry"],"_links":{"self":[{"href":"https:\/\/villamanagement.es\/de\/wp-json\/wp\/v2\/pages\/55","targetHints":{"allow":["GET"]}}],"collection":[{"href":"https:\/\/villamanagement.es\/de\/wp-json\/wp\/v2\/pages"}],"about":[{"href":"https:\/\/villamanagement.es\/de\/wp-json\/wp\/v2\/types\/page"}],"author":[{"embeddable":true,"href":"https:\/\/villamanagement.es\/de\/wp-json\/wp\/v2\/users\/1"}],"replies":[{"embeddable":true,"href":"https:\/\/villamanagement.es\/de\/wp-json\/wp\/v2\/comments?post=55"}],"version-history":[{"count":3,"href":"https:\/\/villamanagement.es\/de\/wp-json\/wp\/v2\/pages\/55\/revisions"}],"predecessor-version":[{"id":58,"href":"https:\/\/villamanagement.es\/de\/wp-json\/wp\/v2\/pages\/55\/revisions\/58"}],"up":[{"embeddable":true,"href":"https:\/\/villamanagement.es\/de\/wp-json\/wp\/v2\/pages\/6"}],"wp:featuredmedia":[{"embeddable":true,"href":"https:\/\/villamanagement.es\/de\/wp-json\/wp\/v2\/media\/199"}],"wp:attachment":[{"href":"https:\/\/villamanagement.es\/de\/wp-json\/wp\/v2\/media?parent=55"}],"curies":[{"name":"wp","href":"https:\/\/api.w.org\/{rel}","templated":true}]}}