{"id":52,"date":"2018-04-05T21:34:42","date_gmt":"2018-04-05T21:34:42","guid":{"rendered":"https:\/\/villamanagement.es\/wordpress\/?page_id=52"},"modified":"2018-04-06T08:58:47","modified_gmt":"2018-04-06T08:58:47","slug":"tramite-licencia-turistica","status":"publish","type":"page","link":"https:\/\/villamanagement.es\/de\/servicios\/tramite-licencia-turistica\/","title":{"rendered":"STEP LIZENZ TURISTICA"},"content":{"rendered":"<p><strong><em>Haben Sie Ihre Villa legalisiert?<\/em><\/strong><\/p>\n<p><img decoding=\"async\" class=\"img_forme\" src=\"https:\/\/villamanagement.es\/images\/lc.jpg\" \/><span id=\"result_box2\" lang=\"de\"><span title=\"Debido al cambio de la nueva normativa de la Ley General Tur\u00edstica, la Conseller\u00eda, castigar\u00e1 econ\u00f3micamente a los propietarios de viviendas que presten servicio de alojamiento vacacional a turistas con sanciones que van desde los 4000\u20ac hasta los 40.000\u20ac en los casos m\u00e1s graves, por\">Aufgrund der \u00c4nderung der neuen Regeln des Tourismusgesetzes, der Abteilung, wirtschaftlich zu bestrafen, Hausbesitzer, die Touristen mit Strafen zwischen \u20ac 4.000 bis \u20ac 40.000 in den schwersten F\u00e4llen dienen Ferienunterk\u00fcnfte,\u00a0<\/span><span title=\"no disponer de la Licencia que exige la nueva normativa para chalets unifamiliares y chalets pareados.    \">nicht \u00fcber die von den neuen Regelungen f\u00fcr Einfamilienh\u00e4user und Zweifamilienh\u00e4usererforderliche Lizenz.<\/span><\/span><\/p>\n<p><span id=\"result_box3\" lang=\"de\"><span title=\"Los chalets adosados no est\u00e1n contemplados en la nueva ley, quedando por lo tanto prohibido el alquiler vacacional en dichas viviendas.\">Die Chalets sind nicht durch das neue Gesetz fallen , auf diese Weise in solchen Wohnungen verboten Ferienwohnungen.\u00a0<\/span><span title=\"Dicha sanci\u00f3n la emitir\u00e1 un inspector perteneciente a la Conselleria de Turismo, que se presentar\u00e1 sin previo aviso.    \">Diese Sanktion der Inspektor ausgeben wird eine Zugeh\u00f6rigkeit zu dem Ministerium f\u00fcr Tourismus , pr\u00e4sentierte vorbehalten.<\/span><\/span><\/p>\n<p><span id=\"result_box4\" lang=\"de\"><span title=\"Ante esta nueva Ley VillaManagement.es dispone de un departamento para dar cobertura y ofrecer as\u00ed mayor facilidad a los propietarios gestionando el tr\u00e1mite necesario para cumplir con la normativa actual.    \">Vor diesem neuen Gesetz VillaManagement.es hat eine Abteilung zu bedecken und Angebot Besitzer leichter verwalten die Verarbeitung erforderlich , um mit aktuellen Vorschriften entsprechen.<\/span><\/span><\/p>\n<p><span id=\"result_box5\" lang=\"de\"><span title=\"Ll\u00e1menos y p\u00eddanos informaci\u00f3n sin compromiso!    \"><strong>Rufen Sie uns an und fragen Sie nach Informationen unverbindlich!<\/p>\n<p><\/strong><\/span><strong><span title=\"al +34 871 96 88 92 de lunes a viernes y de 9:30 a 13:30    \">+34 871 96 88 92 Montag bis Freitag von 9.30 bis 13.30 Uhr<\/p>\n<p><\/span><span title=\"Enlaces de Inter\u00e9s sobre la nueva normativa.\">Interessante Links zu den neuen Regeln.<\/span><\/strong><\/span><\/p>\n<p><a title=\"Nueva Normativa Turistica\" href=\"http:\/\/boib.caib.es\/pdf\/2012106\/mp42.pdf\" target=\"_blank\" rel=\"noopener\">Documento del BOIB \u00a0106 21 de julio de 2012<\/a><\/p>\n","protected":false},"excerpt":{"rendered":"<p>Haben Sie Ihre Villa legalisiert? Aufgrund der \u00c4nderung der neuen Regeln des Tourismusgesetzes, der Abteilung, wirtschaftlich zu bestrafen, Hausbesitzer, die Touristen mit Strafen zwischen \u20ac 4.000 bis \u20ac 40.000 in &#8230;<\/p>\n","protected":false},"author":1,"featured_media":191,"parent":6,"menu_order":0,"comment_status":"closed","ping_status":"closed","template":"template-fullwidth.php","meta":{"footnotes":""},"class_list":["post-52","page","type-page","status-publish","has-post-thumbnail","hentry"],"_links":{"self":[{"href":"https:\/\/villamanagement.es\/de\/wp-json\/wp\/v2\/pages\/52","targetHints":{"allow":["GET"]}}],"collection":[{"href":"https:\/\/villamanagement.es\/de\/wp-json\/wp\/v2\/pages"}],"about":[{"href":"https:\/\/villamanagement.es\/de\/wp-json\/wp\/v2\/types\/page"}],"author":[{"embeddable":true,"href":"https:\/\/villamanagement.es\/de\/wp-json\/wp\/v2\/users\/1"}],"replies":[{"embeddable":true,"href":"https:\/\/villamanagement.es\/de\/wp-json\/wp\/v2\/comments?post=52"}],"version-history":[{"count":3,"href":"https:\/\/villamanagement.es\/de\/wp-json\/wp\/v2\/pages\/52\/revisions"}],"predecessor-version":[{"id":190,"href":"https:\/\/villamanagement.es\/de\/wp-json\/wp\/v2\/pages\/52\/revisions\/190"}],"up":[{"embeddable":true,"href":"https:\/\/villamanagement.es\/de\/wp-json\/wp\/v2\/pages\/6"}],"wp:featuredmedia":[{"embeddable":true,"href":"https:\/\/villamanagement.es\/de\/wp-json\/wp\/v2\/media\/191"}],"wp:attachment":[{"href":"https:\/\/villamanagement.es\/de\/wp-json\/wp\/v2\/media?parent=52"}],"curies":[{"name":"wp","href":"https:\/\/api.w.org\/{rel}","templated":true}]}}