{"id":48,"date":"2018-04-05T21:32:58","date_gmt":"2018-04-05T21:32:58","guid":{"rendered":"https:\/\/villamanagement.es\/wordpress\/?page_id=48"},"modified":"2018-04-06T09:05:04","modified_gmt":"2018-04-06T09:05:04","slug":"mantenimiento-preventivo","status":"publish","type":"page","link":"https:\/\/villamanagement.es\/de\/servicios\/mantenimiento-preventivo\/","title":{"rendered":"INSTANDHALTUNG"},"content":{"rendered":"<p>Wir legen sehr grossen Wert auf regelm\u00e4ssige Wartung, da Sie dadurch bei den laufenden Kosten eines Ferienhauses Einsparungen machen k\u00f6nnen.<br \/>\nWir warten nicht bis etwas Verh\u00e4ngnisvolles passiert und Sie eine hohe Rechnung begleichen m\u00fcssen , wenn durch einfache Checks und vorbeugende Massnahmen gr\u00f6ssere Sch\u00e4den verhindert werden k\u00f6nnen.<br \/>\nUnsere Firma ist auf die Verwaltung von H\u00e4usern und Appartements auf Mallorca spezialisiert.<br \/>\nSie sollten immer auf ein gutes Preis-Leistungsverh\u00e4ltnis achten , wenn sie ernsthaft in Erw\u00e4gung ziehen , Ihre Immobilie verwalten zu lassen.<br \/>\nEiner der wichtigsten Faktoren ist die Kostenfrage. Bedenken Sie bei der Auswahl einer Hausverwaltung immer das bekannte Sprichwort: &#8220; Du bekommst, was Du bezahlst&#8220;<br \/>\nEine Firma oder Einzelperson , die ein geringeres Entgelt erhebt, wird sicher nicht die gleichen \u00a0Mittel haben , um selbst grundlegende Serviceleistungen so zu erbringen, wie es Ihr Standard erwartet.<br \/>\nM\u00f6glicherweise kann nicht einmal das maximale Vermietungspotential Ihres Eigentums erreicht werden oder mit wirklichen Notf\u00e4llen richtig umgegangen werden .<\/p>\n","protected":false},"excerpt":{"rendered":"<p>Wir legen sehr grossen Wert auf regelm\u00e4ssige Wartung, da Sie dadurch bei den laufenden Kosten eines Ferienhauses Einsparungen machen k\u00f6nnen. Wir warten nicht bis etwas Verh\u00e4ngnisvolles passiert und Sie eine &#8230;<\/p>\n","protected":false},"author":1,"featured_media":192,"parent":6,"menu_order":0,"comment_status":"closed","ping_status":"closed","template":"template-fullwidth.php","meta":{"footnotes":""},"class_list":["post-48","page","type-page","status-publish","has-post-thumbnail","hentry"],"_links":{"self":[{"href":"https:\/\/villamanagement.es\/de\/wp-json\/wp\/v2\/pages\/48","targetHints":{"allow":["GET"]}}],"collection":[{"href":"https:\/\/villamanagement.es\/de\/wp-json\/wp\/v2\/pages"}],"about":[{"href":"https:\/\/villamanagement.es\/de\/wp-json\/wp\/v2\/types\/page"}],"author":[{"embeddable":true,"href":"https:\/\/villamanagement.es\/de\/wp-json\/wp\/v2\/users\/1"}],"replies":[{"embeddable":true,"href":"https:\/\/villamanagement.es\/de\/wp-json\/wp\/v2\/comments?post=48"}],"version-history":[{"count":3,"href":"https:\/\/villamanagement.es\/de\/wp-json\/wp\/v2\/pages\/48\/revisions"}],"predecessor-version":[{"id":51,"href":"https:\/\/villamanagement.es\/de\/wp-json\/wp\/v2\/pages\/48\/revisions\/51"}],"up":[{"embeddable":true,"href":"https:\/\/villamanagement.es\/de\/wp-json\/wp\/v2\/pages\/6"}],"wp:featuredmedia":[{"embeddable":true,"href":"https:\/\/villamanagement.es\/de\/wp-json\/wp\/v2\/media\/192"}],"wp:attachment":[{"href":"https:\/\/villamanagement.es\/de\/wp-json\/wp\/v2\/media?parent=48"}],"curies":[{"name":"wp","href":"https:\/\/api.w.org\/{rel}","templated":true}]}}