{"id":44,"date":"2018-04-05T21:31:54","date_gmt":"2018-04-05T21:31:54","guid":{"rendered":"https:\/\/villamanagement.es\/wordpress\/?page_id=44"},"modified":"2018-04-06T08:53:49","modified_gmt":"2018-04-06T08:53:49","slug":"piscina","status":"publish","type":"page","link":"https:\/\/villamanagement.es\/de\/servicios\/piscina\/","title":{"rendered":"POOLSERVICE"},"content":{"rendered":"<p>Wenn Sie einen Pool Ihr Eigen nennen ist, es ausserordentlich wichtig ,diesen im perfekten Zustand zu bewahren.<\/p>\n<p>Nicht nur weil Sie dadurch Geld sparen, sondern auch weil wir uns vom richtigen PH-Wert und Chlorgehalt vergewissern m\u00fcssen um Ihren G\u00e4sten eine sichere Benutzung gew\u00e4hrleisten zu k\u00f6nnen.<\/p>\n<p>Bei einem ungepflegten Pool w\u00e4ren die Beschwerden vorprogrammiert.<\/p>\n","protected":false},"excerpt":{"rendered":"<p>Wenn Sie einen Pool Ihr Eigen nennen ist, es ausserordentlich wichtig ,diesen im perfekten Zustand zu bewahren. Nicht nur weil Sie dadurch Geld sparen, sondern auch weil wir uns vom &#8230;<\/p>\n","protected":false},"author":1,"featured_media":188,"parent":6,"menu_order":0,"comment_status":"closed","ping_status":"closed","template":"template-fullwidth.php","meta":{"footnotes":""},"class_list":["post-44","page","type-page","status-publish","has-post-thumbnail","hentry"],"_links":{"self":[{"href":"https:\/\/villamanagement.es\/de\/wp-json\/wp\/v2\/pages\/44","targetHints":{"allow":["GET"]}}],"collection":[{"href":"https:\/\/villamanagement.es\/de\/wp-json\/wp\/v2\/pages"}],"about":[{"href":"https:\/\/villamanagement.es\/de\/wp-json\/wp\/v2\/types\/page"}],"author":[{"embeddable":true,"href":"https:\/\/villamanagement.es\/de\/wp-json\/wp\/v2\/users\/1"}],"replies":[{"embeddable":true,"href":"https:\/\/villamanagement.es\/de\/wp-json\/wp\/v2\/comments?post=44"}],"version-history":[{"count":3,"href":"https:\/\/villamanagement.es\/de\/wp-json\/wp\/v2\/pages\/44\/revisions"}],"predecessor-version":[{"id":47,"href":"https:\/\/villamanagement.es\/de\/wp-json\/wp\/v2\/pages\/44\/revisions\/47"}],"up":[{"embeddable":true,"href":"https:\/\/villamanagement.es\/de\/wp-json\/wp\/v2\/pages\/6"}],"wp:featuredmedia":[{"embeddable":true,"href":"https:\/\/villamanagement.es\/de\/wp-json\/wp\/v2\/media\/188"}],"wp:attachment":[{"href":"https:\/\/villamanagement.es\/de\/wp-json\/wp\/v2\/media?parent=44"}],"curies":[{"name":"wp","href":"https:\/\/api.w.org\/{rel}","templated":true}]}}