{"id":32,"date":"2018-04-05T21:28:07","date_gmt":"2018-04-05T21:28:07","guid":{"rendered":"https:\/\/villamanagement.es\/wordpress\/?page_id=32"},"modified":"2018-04-06T08:47:10","modified_gmt":"2018-04-06T08:47:10","slug":"hogar-y-lavanderia","status":"publish","type":"page","link":"https:\/\/villamanagement.es\/de\/servicios\/hogar-y-lavanderia\/","title":{"rendered":"REINIGUNG UND W\u00c4SCHEREISERVICE"},"content":{"rendered":"<p>Wir realisieren jegliche Art von Reinigungsservice: Endreinigung, W\u00e4schewechsel, Saisonabschlussreinigung, Reinigung zur Auffrischung( vor Ankunft der G\u00e4ste)) und die Reinigung des Aussenbereichs( Patio, Terrassen, M\u00f6bel etc).<br \/>\nWir sind immer gerne bereit Ihnen einen auf Ihre Bed\u00fcrfnisse zugeschnittenen Service anzubieten.<\/p>\n<p>Verglichen mit den meisten anderen Verwaltungsgesellschaften werden unsere Reinigungen zu einem Standard durchgef\u00fchrt, den man ohne Weiteres als &#8222;Fr\u00fchlingsputz&#8220; bezeichnen kann.<\/p>\n","protected":false},"excerpt":{"rendered":"<p>Wir realisieren jegliche Art von Reinigungsservice: Endreinigung, W\u00e4schewechsel, Saisonabschlussreinigung, Reinigung zur Auffrischung( vor Ankunft der G\u00e4ste)) und die Reinigung des Aussenbereichs( Patio, Terrassen, M\u00f6bel etc). Wir sind immer gerne bereit &#8230;<\/p>\n","protected":false},"author":1,"featured_media":183,"parent":6,"menu_order":0,"comment_status":"closed","ping_status":"closed","template":"template-fullwidth.php","meta":{"footnotes":""},"class_list":["post-32","page","type-page","status-publish","has-post-thumbnail","hentry"],"_links":{"self":[{"href":"https:\/\/villamanagement.es\/de\/wp-json\/wp\/v2\/pages\/32","targetHints":{"allow":["GET"]}}],"collection":[{"href":"https:\/\/villamanagement.es\/de\/wp-json\/wp\/v2\/pages"}],"about":[{"href":"https:\/\/villamanagement.es\/de\/wp-json\/wp\/v2\/types\/page"}],"author":[{"embeddable":true,"href":"https:\/\/villamanagement.es\/de\/wp-json\/wp\/v2\/users\/1"}],"replies":[{"embeddable":true,"href":"https:\/\/villamanagement.es\/de\/wp-json\/wp\/v2\/comments?post=32"}],"version-history":[{"count":3,"href":"https:\/\/villamanagement.es\/de\/wp-json\/wp\/v2\/pages\/32\/revisions"}],"predecessor-version":[{"id":35,"href":"https:\/\/villamanagement.es\/de\/wp-json\/wp\/v2\/pages\/32\/revisions\/35"}],"up":[{"embeddable":true,"href":"https:\/\/villamanagement.es\/de\/wp-json\/wp\/v2\/pages\/6"}],"wp:featuredmedia":[{"embeddable":true,"href":"https:\/\/villamanagement.es\/de\/wp-json\/wp\/v2\/media\/183"}],"wp:attachment":[{"href":"https:\/\/villamanagement.es\/de\/wp-json\/wp\/v2\/media?parent=32"}],"curies":[{"name":"wp","href":"https:\/\/api.w.org\/{rel}","templated":true}]}}