{"id":22,"date":"2018-04-05T21:24:50","date_gmt":"2018-04-05T21:24:50","guid":{"rendered":"https:\/\/villamanagement.es\/wordpress\/de\/?page_id=22"},"modified":"2018-04-06T08:53:05","modified_gmt":"2018-04-06T08:53:05","slug":"entrega-de-llaves","status":"publish","type":"page","link":"https:\/\/villamanagement.es\/de\/servicios\/entrega-de-llaves\/","title":{"rendered":"PERS\u00d6NLICHER EMPFANG"},"content":{"rendered":"<p>Der Empfang der G\u00e4ste, die Schl\u00fcssel\u00fcbergabe, die Erl\u00e4uterung der Unterkunft sowie erste Fragen \u00fcber die \u00f6rtlichen Gegebenheiten und saisonale Events zu beantworten, all dies \u00a0hinterl\u00e4sst den ersten Eindruck! Und dieser ist bekanntlich der Wichtigste!<\/p>\n","protected":false},"excerpt":{"rendered":"<p>Der Empfang der G\u00e4ste, die Schl\u00fcssel\u00fcbergabe, die Erl\u00e4uterung der Unterkunft sowie erste Fragen \u00fcber die \u00f6rtlichen Gegebenheiten und saisonale Events zu beantworten, all dies \u00a0hinterl\u00e4sst den ersten Eindruck! Und dieser &#8230;<\/p>\n","protected":false},"author":1,"featured_media":187,"parent":6,"menu_order":0,"comment_status":"closed","ping_status":"closed","template":"template-fullwidth.php","meta":{"footnotes":""},"class_list":["post-22","page","type-page","status-publish","has-post-thumbnail","hentry"],"_links":{"self":[{"href":"https:\/\/villamanagement.es\/de\/wp-json\/wp\/v2\/pages\/22","targetHints":{"allow":["GET"]}}],"collection":[{"href":"https:\/\/villamanagement.es\/de\/wp-json\/wp\/v2\/pages"}],"about":[{"href":"https:\/\/villamanagement.es\/de\/wp-json\/wp\/v2\/types\/page"}],"author":[{"embeddable":true,"href":"https:\/\/villamanagement.es\/de\/wp-json\/wp\/v2\/users\/1"}],"replies":[{"embeddable":true,"href":"https:\/\/villamanagement.es\/de\/wp-json\/wp\/v2\/comments?post=22"}],"version-history":[{"count":5,"href":"https:\/\/villamanagement.es\/de\/wp-json\/wp\/v2\/pages\/22\/revisions"}],"predecessor-version":[{"id":186,"href":"https:\/\/villamanagement.es\/de\/wp-json\/wp\/v2\/pages\/22\/revisions\/186"}],"up":[{"embeddable":true,"href":"https:\/\/villamanagement.es\/de\/wp-json\/wp\/v2\/pages\/6"}],"wp:featuredmedia":[{"embeddable":true,"href":"https:\/\/villamanagement.es\/de\/wp-json\/wp\/v2\/media\/187"}],"wp:attachment":[{"href":"https:\/\/villamanagement.es\/de\/wp-json\/wp\/v2\/media?parent=22"}],"curies":[{"name":"wp","href":"https:\/\/api.w.org\/{rel}","templated":true}]}}