{"id":11,"date":"2018-04-05T21:20:27","date_gmt":"2018-04-05T21:20:27","guid":{"rendered":"https:\/\/villamanagement.es\/wordpress\/?page_id=11"},"modified":"2018-04-06T09:07:31","modified_gmt":"2018-04-06T09:07:31","slug":"marketing-online","status":"publish","type":"page","link":"https:\/\/villamanagement.es\/de\/servicios\/marketing-online\/","title":{"rendered":"ONLINE MARKETING"},"content":{"rendered":"<p>Die Reisebranche ist heutzutage hoch entwickelt und wettbewerbsintensiv, so dass wir im Internet die M\u00f6glichkeit haben,Ihr Eigentum auf den besten, fachbezogenen Webseiten verschiedener Europ\u00e4ischer L\u00e4nder zu announcieren und damit t\u00e4glich hunderte von m\u00f6glichen Urlaubern anzusprechen.<\/p>\n","protected":false},"excerpt":{"rendered":"<p>Die Reisebranche ist heutzutage hoch entwickelt und wettbewerbsintensiv, so dass wir im Internet die M\u00f6glichkeit haben,Ihr Eigentum auf den besten, fachbezogenen Webseiten verschiedener Europ\u00e4ischer L\u00e4nder zu announcieren und damit t\u00e4glich &#8230;<\/p>\n","protected":false},"author":1,"featured_media":195,"parent":6,"menu_order":0,"comment_status":"closed","ping_status":"closed","template":"template-fullwidth.php","meta":{"footnotes":""},"class_list":["post-11","page","type-page","status-publish","has-post-thumbnail","hentry"],"_links":{"self":[{"href":"https:\/\/villamanagement.es\/de\/wp-json\/wp\/v2\/pages\/11","targetHints":{"allow":["GET"]}}],"collection":[{"href":"https:\/\/villamanagement.es\/de\/wp-json\/wp\/v2\/pages"}],"about":[{"href":"https:\/\/villamanagement.es\/de\/wp-json\/wp\/v2\/types\/page"}],"author":[{"embeddable":true,"href":"https:\/\/villamanagement.es\/de\/wp-json\/wp\/v2\/users\/1"}],"replies":[{"embeddable":true,"href":"https:\/\/villamanagement.es\/de\/wp-json\/wp\/v2\/comments?post=11"}],"version-history":[{"count":6,"href":"https:\/\/villamanagement.es\/de\/wp-json\/wp\/v2\/pages\/11\/revisions"}],"predecessor-version":[{"id":194,"href":"https:\/\/villamanagement.es\/de\/wp-json\/wp\/v2\/pages\/11\/revisions\/194"}],"up":[{"embeddable":true,"href":"https:\/\/villamanagement.es\/de\/wp-json\/wp\/v2\/pages\/6"}],"wp:featuredmedia":[{"embeddable":true,"href":"https:\/\/villamanagement.es\/de\/wp-json\/wp\/v2\/media\/195"}],"wp:attachment":[{"href":"https:\/\/villamanagement.es\/de\/wp-json\/wp\/v2\/media?parent=11"}],"curies":[{"name":"wp","href":"https:\/\/api.w.org\/{rel}","templated":true}]}}